{"id":3670,"date":"2025-12-11T14:37:20","date_gmt":"2025-12-11T14:37:20","guid":{"rendered":"https:\/\/jadpunk.pl\/?post_type=product&#038;p=3670"},"modified":"2026-05-04T14:14:11","modified_gmt":"2026-05-04T14:14:11","slug":"longsleeve-2","status":"publish","type":"product","link":"https:\/\/jadpunk.pl\/en\/product\/longsleeve-2\/","title":{"rendered":"Longsleeve"},"content":{"rendered":"<p><strong>Czarna koszulka z d\u0142ugim r\u0119kawem.<\/strong><\/p>\n<p>Brand: GILDAN Heavy Cotton<br \/>\nColor of the shirt: black<br \/>\nNadruk: sitodruk, farba wodna<\/p>","protected":false},"excerpt":{"rendered":"<p>Czarna koszulka z d\u0142ugim r\u0119kawem GILDAN Heavy Cotton z nadrukiem w kolorze bia\u0142ym wykonanym metod\u0105 sitodruku.<\/p>\n<p>&nbsp;<\/p>","protected":false},"featured_media":3657,"template":"","meta":{"_links_to":"","_links_to_target":""},"product_brand":[],"product_cat":[15],"product_tag":[],"class_list":{"0":"post-3670","1":"product","2":"type-product","3":"status-publish","4":"has-post-thumbnail","6":"product_cat-merch","8":"first","9":"instock","10":"shipping-taxable","11":"purchasable","12":"product-type-variable"},"_links":{"self":[{"href":"https:\/\/jadpunk.pl\/en\/wp-json\/wp\/v2\/product\/3670","targetHints":{"allow":["GET"]}}],"collection":[{"href":"https:\/\/jadpunk.pl\/en\/wp-json\/wp\/v2\/product"}],"about":[{"href":"https:\/\/jadpunk.pl\/en\/wp-json\/wp\/v2\/types\/product"}],"wp:featuredmedia":[{"embeddable":true,"href":"https:\/\/jadpunk.pl\/en\/wp-json\/wp\/v2\/media\/3657"}],"wp:attachment":[{"href":"https:\/\/jadpunk.pl\/en\/wp-json\/wp\/v2\/media?parent=3670"}],"wp:term":[{"taxonomy":"product_brand","embeddable":true,"href":"https:\/\/jadpunk.pl\/en\/wp-json\/wp\/v2\/product_brand?post=3670"},{"taxonomy":"product_cat","embeddable":true,"href":"https:\/\/jadpunk.pl\/en\/wp-json\/wp\/v2\/product_cat?post=3670"},{"taxonomy":"product_tag","embeddable":true,"href":"https:\/\/jadpunk.pl\/en\/wp-json\/wp\/v2\/product_tag?post=3670"}],"curies":[{"name":"wp","href":"https:\/\/api.w.org\/{rel}","templated":true}]}}