{"id":3544,"date":"2025-10-02T07:02:06","date_gmt":"2025-10-02T07:02:06","guid":{"rendered":"https:\/\/jadpunk.pl\/?post_type=product&#038;p=3544"},"modified":"2026-05-05T19:27:09","modified_gmt":"2026-05-05T19:27:09","slug":"pre-order-wstret-12-ep","status":"publish","type":"product","link":"https:\/\/jadpunk.pl\/en\/product\/pre-order-wstret-12-ep\/","title":{"rendered":"Wstr\u0119t 12&#8243; EP"},"content":{"rendered":"<p>Reissue of the EP originally released in 2020. This is a 180g 12-inch EP which contains 5 songs on the A-side and etching on the B-side.<\/p>\n<p><strong>Pressing:<\/strong><\/p>\n<p>200 x grey\/white\/black splatter <strong>180g<\/strong><br \/>\n300 x black <strong>180g<\/strong><\/p>\n<p><b>Tracklist:<br \/>\n<\/b>1. P\u0119tla<br \/>\n2. Wstr\u0119t<br \/>\n3. Zwyk\u0142a \u015bmier\u0107<br \/>\n4. Agresja<br \/>\n5. Spalona ziemia<\/p>","protected":false},"excerpt":{"rendered":"<p>Wstr\u0119t 12\" EP. 180g vinyl with etching on the B-side. Available in two different colors.<\/p>\n<p>200 x grey\/white\/black splatter <strong>180g<\/strong><br \/>\n300 x black <strong>180g<\/strong><\/p>","protected":false},"featured_media":3541,"template":"","meta":{"_links_to":"","_links_to_target":""},"product_brand":[],"product_cat":[15],"product_tag":[],"class_list":{"0":"post-3544","1":"product","2":"type-product","3":"status-publish","4":"has-post-thumbnail","6":"product_cat-merch","8":"first","9":"instock","10":"shipping-taxable","11":"purchasable","12":"product-type-variable"},"_links":{"self":[{"href":"https:\/\/jadpunk.pl\/en\/wp-json\/wp\/v2\/product\/3544","targetHints":{"allow":["GET"]}}],"collection":[{"href":"https:\/\/jadpunk.pl\/en\/wp-json\/wp\/v2\/product"}],"about":[{"href":"https:\/\/jadpunk.pl\/en\/wp-json\/wp\/v2\/types\/product"}],"wp:featuredmedia":[{"embeddable":true,"href":"https:\/\/jadpunk.pl\/en\/wp-json\/wp\/v2\/media\/3541"}],"wp:attachment":[{"href":"https:\/\/jadpunk.pl\/en\/wp-json\/wp\/v2\/media?parent=3544"}],"wp:term":[{"taxonomy":"product_brand","embeddable":true,"href":"https:\/\/jadpunk.pl\/en\/wp-json\/wp\/v2\/product_brand?post=3544"},{"taxonomy":"product_cat","embeddable":true,"href":"https:\/\/jadpunk.pl\/en\/wp-json\/wp\/v2\/product_cat?post=3544"},{"taxonomy":"product_tag","embeddable":true,"href":"https:\/\/jadpunk.pl\/en\/wp-json\/wp\/v2\/product_tag?post=3544"}],"curies":[{"name":"wp","href":"https:\/\/api.w.org\/{rel}","templated":true}]}}