{"id":1234,"date":"2022-08-12T11:20:58","date_gmt":"2022-08-12T11:20:58","guid":{"rendered":"http:\/\/jadpunk.pl\/?post_type=product&#038;p=1234"},"modified":"2026-05-01T15:26:20","modified_gmt":"2026-05-01T15:26:20","slug":"pre-order-bol-lp","status":"publish","type":"product","link":"https:\/\/jadpunk.pl\/en\/product\/pre-order-bol-lp\/","title":{"rendered":"&#8222;B\u00f3l&#8221; LP"},"content":{"rendered":"<p>Winylowa wersja albumu &#8222;B\u00f3l&#8221;. Zawiera dwustronn\u0105 wk\u0142adk\u0119 z tekstami. P\u0142yta dost\u0119pna w trzech wersjach kolorystycznych.<\/p>\n<p>Pressing:<br \/>\n300x czerwono-czarny<br \/>\n300x czarno-transparentny<br \/>\n400x czarny<\/p>","protected":false},"excerpt":{"rendered":"<blockquote><p>Album &#8222;B\u00f3l&#8221; w wersji winylowej. Wydanie limitowane w trzech wersjach kolorystycznych.<\/p><\/blockquote>\n<p>300 red\/black<br \/>\n300 transparent\/black<br \/>\n400 black<\/p>\n<p>Includes two-sided insert with lyrics.<\/p>","protected":false},"featured_media":1291,"template":"","meta":{"_links_to":"","_links_to_target":""},"product_brand":[],"product_cat":[15],"product_tag":[],"class_list":{"0":"post-1234","1":"product","2":"type-product","3":"status-publish","4":"has-post-thumbnail","6":"product_cat-merch","8":"first","9":"instock","10":"shipping-taxable","11":"purchasable","12":"product-type-variable"},"_links":{"self":[{"href":"https:\/\/jadpunk.pl\/en\/wp-json\/wp\/v2\/product\/1234","targetHints":{"allow":["GET"]}}],"collection":[{"href":"https:\/\/jadpunk.pl\/en\/wp-json\/wp\/v2\/product"}],"about":[{"href":"https:\/\/jadpunk.pl\/en\/wp-json\/wp\/v2\/types\/product"}],"wp:featuredmedia":[{"embeddable":true,"href":"https:\/\/jadpunk.pl\/en\/wp-json\/wp\/v2\/media\/1291"}],"wp:attachment":[{"href":"https:\/\/jadpunk.pl\/en\/wp-json\/wp\/v2\/media?parent=1234"}],"wp:term":[{"taxonomy":"product_brand","embeddable":true,"href":"https:\/\/jadpunk.pl\/en\/wp-json\/wp\/v2\/product_brand?post=1234"},{"taxonomy":"product_cat","embeddable":true,"href":"https:\/\/jadpunk.pl\/en\/wp-json\/wp\/v2\/product_cat?post=1234"},{"taxonomy":"product_tag","embeddable":true,"href":"https:\/\/jadpunk.pl\/en\/wp-json\/wp\/v2\/product_tag?post=1234"}],"curies":[{"name":"wp","href":"https:\/\/api.w.org\/{rel}","templated":true}]}}