{"id":1140,"date":"2022-05-27T10:12:33","date_gmt":"2022-05-27T10:12:33","guid":{"rendered":"http:\/\/jadpunk.pl\/?post_type=product&#038;p=1140"},"modified":"2026-05-01T15:24:50","modified_gmt":"2026-05-01T15:24:50","slug":"strach-lp","status":"publish","type":"product","link":"https:\/\/jadpunk.pl\/en\/product\/strach-lp\/","title":{"rendered":"&#8222;Strach&#8221; LP"},"content":{"rendered":"","protected":false},"excerpt":{"rendered":"<p>Czwarte t\u0142oczenie na mlecznym transparentnym winylu. Limit do 310 sztuk. Do p\u0142yty do\u0142\u0105czony du\u017cy dwustronny plakat\/insert w formacie A2.<\/p>\n<hr \/>\n<p>Fourth press on milky transparent vinyl. Includes a big A2 poster\/insert. Limited to 310 copies.<\/p>\n<p>&nbsp;<\/p>","protected":false},"featured_media":1757,"template":"","meta":{"_links_to":"","_links_to_target":""},"product_brand":[],"product_cat":[15],"product_tag":[],"class_list":{"0":"post-1140","1":"product","2":"type-product","3":"status-publish","4":"has-post-thumbnail","6":"product_cat-merch","8":"first","9":"instock","10":"shipping-taxable","11":"purchasable","12":"product-type-simple"},"_links":{"self":[{"href":"https:\/\/jadpunk.pl\/en\/wp-json\/wp\/v2\/product\/1140","targetHints":{"allow":["GET"]}}],"collection":[{"href":"https:\/\/jadpunk.pl\/en\/wp-json\/wp\/v2\/product"}],"about":[{"href":"https:\/\/jadpunk.pl\/en\/wp-json\/wp\/v2\/types\/product"}],"wp:featuredmedia":[{"embeddable":true,"href":"https:\/\/jadpunk.pl\/en\/wp-json\/wp\/v2\/media\/1757"}],"wp:attachment":[{"href":"https:\/\/jadpunk.pl\/en\/wp-json\/wp\/v2\/media?parent=1140"}],"wp:term":[{"taxonomy":"product_brand","embeddable":true,"href":"https:\/\/jadpunk.pl\/en\/wp-json\/wp\/v2\/product_brand?post=1140"},{"taxonomy":"product_cat","embeddable":true,"href":"https:\/\/jadpunk.pl\/en\/wp-json\/wp\/v2\/product_cat?post=1140"},{"taxonomy":"product_tag","embeddable":true,"href":"https:\/\/jadpunk.pl\/en\/wp-json\/wp\/v2\/product_tag?post=1140"}],"curies":[{"name":"wp","href":"https:\/\/api.w.org\/{rel}","templated":true}]}}